{"id":2,"date":"2026-03-01T01:55:39","date_gmt":"2026-03-01T01:55:39","guid":{"rendered":"https:\/\/tuiluminacionve.com\/shop\/?page_id=2"},"modified":"2026-03-27T10:58:20","modified_gmt":"2026-03-27T10:58:20","slug":"sample-page","status":"publish","type":"page","link":"https:\/\/tuiluminacionve.com\/shop\/sample-page\/","title":{"rendered":"T\u00e9rminos y Condiciones"},"content":{"rendered":"\n<p class=\"has-luminous-vivid-orange-color has-text-color has-link-color has-medium-font-size wp-elements-6a92f50d8cf283a7abad44e9a3e36258\"><strong>INFORMACI\u00d3N GENERAL<\/strong><\/p>\n\n\n\n<p>Bienvenido a Tu Iluminaci\u00f3n. Al acceder y utilizar este sitio web, aceptas los presentes t\u00e9rminos y condiciones. Recomendamos leerlos detenidamente antes de realizar cualquier compra.<\/p>\n\n\n\n<p class=\"has-luminous-vivid-orange-color has-text-color has-link-color has-medium-font-size wp-elements-083ef11e0fdaef74d9a23a55f3979700\"><strong>DISPONIBILIDAD Y PRODUCTOS<\/strong><\/p>\n\n\n\n<p>Todos los productos ofrecidos est\u00e1n sujetos a disponibilidad. Nos reservamos el derecho de modificar, actualizar o descontinuar productos sin previo aviso.<\/p>\n\n\n\n<p class=\"has-luminous-vivid-orange-color has-text-color has-link-color has-medium-font-size wp-elements-40b08173821d0d9ab7e3c2292ce191b4\"><strong>PRECIOS<\/strong><\/p>\n\n\n\n<p>Los precios est\u00e1n expresados en d\u00f3lares (USD) o su equivalente en moneda local. Pueden estar sujetos a cambios sin previo aviso. Las promociones y precios especiales aplican \u00fanicamente durante el tiempo indicado.<\/p>\n\n\n\n<p class=\"has-luminous-vivid-orange-color has-text-color has-link-color has-medium-font-size wp-elements-ebd59dc0c59544555adde279a8bcac2b\"><strong>GARANT\u00cdA DE PRODUCTOS<\/strong><\/p>\n\n\n\n<p> \u2022 Los productos de la marca EBELI cuentan con una garant\u00eda de 2 a\u00f1os.<br> \u2022 Los productos de otras marcas cuentan con una garant\u00eda de 3 meses, \u00fanicamente por defectos de f\u00e1brica.<\/p>\n\n\n\n<p><strong>Condiciones de la garant\u00eda:<\/strong><br>\u2022 La garant\u00eda cubre exclusivamente fallas de fabricaci\u00f3n.<\/p>\n\n\n\n<p><strong>No aplica en casos de:<\/strong><br>\u2022 Uso indebido o instalaci\u00f3n incorrecta<br>\u2022 Da\u00f1os por voltaje, humedad o manipulaci\u00f3n<br>\u2022 Desgaste por uso normal<br>\u2022 Para hacer v\u00e1lida la garant\u00eda, el cliente debe presentar factura o comprobante de compra.<br>\u2022 El producto ser\u00e1 evaluado por nuestro equipo t\u00e9cnico antes de proceder con reparaci\u00f3n o reemplazo.<\/p>\n\n\n\n<p class=\"has-luminous-vivid-orange-color has-text-color has-link-color has-medium-font-size wp-elements-d8ec494a3b44dfbc2df53ff8b219515f\"><strong>CAMBIOS Y DEVOLUCIONES<\/strong><\/p>\n\n\n\n<p>\u2022 No se realizan devoluciones de dinero.<br>\u2022 Los cambios aplican \u00fanicamente por productos defectuosos y dentro del per\u00edodo de garant\u00eda correspondiente.<br>\u2022 El producto debe estar en condiciones originales.<\/p>\n\n\n\n<p class=\"has-luminous-vivid-orange-color has-text-color has-link-color has-medium-font-size wp-elements-2a96c0bab963b75b0a2279ea665d3f38\"><strong>INSTALACI\u00d3N Y USO<\/strong><\/p>\n\n\n\n<p>Recomendamos que todos los productos sean instalados por personal calificado. Tu Iluminaci\u00f3n no se hace responsable por da\u00f1os derivados de una instalaci\u00f3n incorrecta.<\/p>\n\n\n\n<p class=\"has-luminous-vivid-orange-color has-text-color has-link-color has-medium-font-size wp-elements-c04d61c4fc18ff25fc64a55a91a1ca8e\"><strong>RESPONSABILIDAD<\/strong><\/p>\n\n\n\n<p>No nos hacemos responsables por da\u00f1os indirectos, incidentales o derivados del uso de nuestros productos.<\/p>\n\n\n\n<p class=\"has-luminous-vivid-orange-color has-text-color has-link-color has-medium-font-size wp-elements-28c87348530a904e3921503dac266753\"><strong>MODIFICACIONES<\/strong><\/p>\n\n\n\n<p>Nos reservamos el derecho de actualizar estos t\u00e9rminos y condiciones en cualquier momento.<\/p>\n\n\n\n<p class=\"has-luminous-vivid-orange-color has-text-color has-link-color has-medium-font-size wp-elements-1f1b4042f33081c39c3e8bc0a0193268\"><strong>CONTACTO<\/strong><\/p>\n\n\n\n<p>Para cualquier duda o solicitud, puedes contactarnos a trav\u00e9s de nuestros canales oficiales.<\/p>\n\n\n\n<p><\/p>\n","protected":false},"excerpt":{"rendered":"<p>INFORMACI\u00d3N GENERAL Bienvenido a Tu Iluminaci\u00f3n. Al acceder y utilizar este sitio web, aceptas los presentes t\u00e9rminos y condiciones. Recomendamos leerlos detenidamente antes de realizar cualquier compra. DISPONIBILIDAD Y PRODUCTOS&hellip;<\/p>\n","protected":false},"author":1,"featured_media":0,"parent":0,"menu_order":0,"comment_status":"closed","ping_status":"open","template":"","meta":{"pagelayer_contact_templates":[],"_pagelayer_content":"","_joinchat":[],"footnotes":""},"class_list":["post-2","page","type-page","status-publish","hentry"],"_links":{"self":[{"href":"https:\/\/tuiluminacionve.com\/shop\/wp-json\/wp\/v2\/pages\/2","targetHints":{"allow":["GET"]}}],"collection":[{"href":"https:\/\/tuiluminacionve.com\/shop\/wp-json\/wp\/v2\/pages"}],"about":[{"href":"https:\/\/tuiluminacionve.com\/shop\/wp-json\/wp\/v2\/types\/page"}],"author":[{"embeddable":true,"href":"https:\/\/tuiluminacionve.com\/shop\/wp-json\/wp\/v2\/users\/1"}],"replies":[{"embeddable":true,"href":"https:\/\/tuiluminacionve.com\/shop\/wp-json\/wp\/v2\/comments?post=2"}],"version-history":[{"count":10,"href":"https:\/\/tuiluminacionve.com\/shop\/wp-json\/wp\/v2\/pages\/2\/revisions"}],"predecessor-version":[{"id":259,"href":"https:\/\/tuiluminacionve.com\/shop\/wp-json\/wp\/v2\/pages\/2\/revisions\/259"}],"wp:attachment":[{"href":"https:\/\/tuiluminacionve.com\/shop\/wp-json\/wp\/v2\/media?parent=2"}],"curies":[{"name":"wp","href":"https:\/\/api.w.org\/{rel}","templated":true}]}}