{"id":260,"date":"2026-03-27T11:08:13","date_gmt":"2026-03-27T11:08:13","guid":{"rendered":"https:\/\/tuiluminacionve.com\/shop\/?page_id=260"},"modified":"2026-03-27T11:08:13","modified_gmt":"2026-03-27T11:08:13","slug":"politicas-de-la-privacidad","status":"publish","type":"page","link":"https:\/\/tuiluminacionve.com\/shop\/politicas-de-la-privacidad\/","title":{"rendered":"Pol\u00edticas de la Privacidad"},"content":{"rendered":"\n<p class=\"has-luminous-vivid-orange-color has-text-color has-link-color has-medium-font-size wp-elements-70c4ceee2723637b050c877e670c8cfd\"><strong>INFORMACI\u00d3N QUE RECOPILAMOS<\/strong><\/p>\n\n\n\n<p>En Tu Iluminaci\u00f3n recopilamos informaci\u00f3n personal cuando realizas una compra, te registras en nuestro sitio o nos contactas. Esto puede incluir:<br>\u2022 Nombre y apellido<br>\u2022 N\u00famero de tel\u00e9fono<br>\u2022 Direcci\u00f3n de env\u00edo<br>\u2022 Correo electr\u00f3nico<\/p>\n\n\n\n<p class=\"has-luminous-vivid-orange-color has-text-color has-link-color has-medium-font-size wp-elements-1f7d9c9e18f907c30d4a3323b708b8e6\"><strong>USO DE LA INFORMACI\u00d3N<\/strong><\/p>\n\n\n\n<p>La informaci\u00f3n recopilada es utilizada para:<br>\u2022\u00a0Procesar pedidos y entregas.<br>\u2022\u00a0Contactarte sobre tu compra.<br>\u2022\u00a0Brindarte atenci\u00f3n al cliente.<br>\u2022 Enviarte informaci\u00f3n sobre promociones o nuevos productos (solo si el cliente lo autoriza).<\/p>\n\n\n\n<p class=\"has-luminous-vivid-orange-color has-text-color has-link-color has-medium-font-size wp-elements-f02a842ac4654ff46ba872cf8e44da63\"><strong>PROTECCI\u00d3N DE LA INFORMACI\u00d3N<\/strong><\/p>\n\n\n\n<p>Nos comprometemos a proteger tu informaci\u00f3n personal. Implementamos medidas de seguridad para evitar accesos no autorizados, uso indebido o divulgaci\u00f3n de tus datos.<\/p>\n\n\n\n<p class=\"has-luminous-vivid-orange-color has-text-color has-link-color has-medium-font-size wp-elements-02d8e7cacadf4b081f39f9a28d9e6e9c\"><strong>COMPARTIR INFORMACI\u00d3N<\/strong><\/p>\n\n\n\n<p>Al realizar la compra al final que aparezca esto:<br>Tu informaci\u00f3n est\u00e1 100% protegida y solo ser\u00e1 utilizada para garantizar una mejor experiencia de compra.<br>Trabajamos para que tu pedido llegue r\u00e1pido, seguro y en perfectas condiciones.<\/p>\n\n\n\n<p><\/p>\n","protected":false},"excerpt":{"rendered":"<p>INFORMACI\u00d3N QUE RECOPILAMOS En Tu Iluminaci\u00f3n recopilamos informaci\u00f3n personal cuando realizas una compra, te registras en nuestro sitio o nos contactas. Esto puede incluir:\u2022 Nombre y apellido\u2022 N\u00famero de tel\u00e9fono\u2022&hellip;<\/p>\n","protected":false},"author":1,"featured_media":0,"parent":0,"menu_order":0,"comment_status":"closed","ping_status":"open","template":"","meta":{"pagelayer_contact_templates":[],"_pagelayer_content":"","_joinchat":[],"footnotes":""},"class_list":["post-260","page","type-page","status-publish","hentry"],"_links":{"self":[{"href":"https:\/\/tuiluminacionve.com\/shop\/wp-json\/wp\/v2\/pages\/260","targetHints":{"allow":["GET"]}}],"collection":[{"href":"https:\/\/tuiluminacionve.com\/shop\/wp-json\/wp\/v2\/pages"}],"about":[{"href":"https:\/\/tuiluminacionve.com\/shop\/wp-json\/wp\/v2\/types\/page"}],"author":[{"embeddable":true,"href":"https:\/\/tuiluminacionve.com\/shop\/wp-json\/wp\/v2\/users\/1"}],"replies":[{"embeddable":true,"href":"https:\/\/tuiluminacionve.com\/shop\/wp-json\/wp\/v2\/comments?post=260"}],"version-history":[{"count":1,"href":"https:\/\/tuiluminacionve.com\/shop\/wp-json\/wp\/v2\/pages\/260\/revisions"}],"predecessor-version":[{"id":262,"href":"https:\/\/tuiluminacionve.com\/shop\/wp-json\/wp\/v2\/pages\/260\/revisions\/262"}],"wp:attachment":[{"href":"https:\/\/tuiluminacionve.com\/shop\/wp-json\/wp\/v2\/media?parent=260"}],"curies":[{"name":"wp","href":"https:\/\/api.w.org\/{rel}","templated":true}]}}