{"id":301,"date":"2026-03-27T11:59:20","date_gmt":"2026-03-27T11:59:20","guid":{"rendered":"https:\/\/tuiluminacionve.com\/shop\/?page_id=301"},"modified":"2026-03-27T11:59:20","modified_gmt":"2026-03-27T11:59:20","slug":"politicas-de-pago","status":"publish","type":"page","link":"https:\/\/tuiluminacionve.com\/shop\/politicas-de-pago\/","title":{"rendered":"Pol\u00edticas de Pago"},"content":{"rendered":"\n<p class=\"has-luminous-vivid-orange-color has-text-color has-link-color has-medium-font-size wp-elements-73f182e5fd91e83bc20f52af74320ccf\"><strong>M\u00c9TODOS DE PAGO<\/strong><\/p>\n\n\n\n<p>Aceptamos los siguientes m\u00e9todos de pago:<br>\u2022 Pago m\u00f3vil]<br>\u2022\u00a0Transferencias bancarias (Banesco, Mercantil u otros)<br>\u2022\u00a0Zelle \u00a0\u00a0\u00a0\u00a0\u00a0\u00a0\u00a0\u00a0\u00a0\u00a0\u00a0 <br>\u2022\u00a0Divisas en efectivo ($)<\/p>\n\n\n\n<p class=\"has-luminous-vivid-orange-color has-text-color has-link-color has-medium-font-size wp-elements-0004e7a7f98a97f87336340983ea254e\"><strong>CONFIRMACI\u00d3N DE PAGO<\/strong><\/p>\n\n\n\n<p>\u2022\u00a0Los pedidos ser\u00e1n procesados una vez confirmado el pago.<\/p>\n\n\n\n<p>\u2022\u00a0En pagos por transferencia o pago m\u00f3vil, el cliente deber\u00e1 enviar el comprobante para validar la compra..<\/p>\n\n\n\n<p class=\"has-luminous-vivid-orange-color has-text-color has-link-color has-medium-font-size wp-elements-5136ef7252a5a5fedc8dea0fa3fa0bef\"><strong>MONEDA<\/strong><\/p>\n\n\n\n<p>\u2022 Los precios est\u00e1n expresados en d\u00f3lares (USD).<br>\u2022\u00a0Tambi\u00e9n pueden ser pagados en bol\u00edvares seg\u00fan la tasa del d\u00eda (BCV o tasa acordada al momento de la compra).<br>\u2022\u00a0Contamos con precios al mayor. Para m\u00e1s informaci\u00f3n, el cliente debe consultar a trav\u00e9s de nuestro WhatsApp.<\/p>\n\n\n\n<p class=\"has-luminous-vivid-orange-color has-text-color has-link-color has-medium-font-size wp-elements-474e3870aad4e5c07f851ba06960f79c\"><strong>PAGOS<\/strong> EN DIVISAS<\/p>\n\n\n\n<p>\u2022 Los pagos en efectivo en divisas deben realizarse por el monto exacto.<br>\u2022\u00a0No garantizamos disponibilidad de cambio<\/p>\n\n\n\n<p class=\"has-luminous-vivid-orange-color has-text-color has-link-color has-medium-font-size wp-elements-cfe1934728ff3fe41f44488888cc05df\"><strong>PAGOS INTERNACIONALES<\/strong><\/p>\n\n\n\n<p>\u2022 Los pagos realizados a trav\u00e9s de Zelle deben enviarse a los datos proporcionados por la tienda.<br>\u2022\u00a0El pedido ser\u00e1 procesado una vez recibido el pago en su totalidad.<\/p>\n\n\n\n<p class=\"has-luminous-vivid-orange-color has-text-color has-link-color has-medium-font-size wp-elements-59a3df390b13fa95cd4683eb607a8e6f\"><strong>ERRORES EN EL PAGO<\/strong><\/p>\n\n\n\n<p>En caso de pagos incompletos o errores en la transacci\u00f3n:<br>\u2022\u00a0El pedido no ser\u00e1 procesado hasta completar el monto correspondiente.<\/p>\n\n\n\n<p class=\"has-luminous-vivid-orange-color has-text-color has-link-color has-medium-font-size wp-elements-9a0162102ddf33c76fa389f14c33990f\"><strong>SEGURIDAD<\/strong><\/p>\n\n\n\n<p>Nos comprometemos a manejar la informaci\u00f3n de pago con total confidencialidad.<br>Tu Iluminaci\u00f3n no almacena datos bancarios sensibles de sus clientes.<\/p>\n\n\n\n<p><\/p>\n","protected":false},"excerpt":{"rendered":"<p>M\u00c9TODOS DE PAGO Aceptamos los siguientes m\u00e9todos de pago:\u2022 Pago m\u00f3vil]\u2022\u00a0Transferencias bancarias (Banesco, Mercantil u otros)\u2022\u00a0Zelle \u00a0\u00a0\u00a0\u00a0\u00a0\u00a0\u00a0\u00a0\u00a0\u00a0\u00a0 \u2022\u00a0Divisas en efectivo ($) CONFIRMACI\u00d3N DE PAGO \u2022\u00a0Los pedidos ser\u00e1n procesados una vez&hellip;<\/p>\n","protected":false},"author":1,"featured_media":0,"parent":0,"menu_order":0,"comment_status":"closed","ping_status":"open","template":"","meta":{"pagelayer_contact_templates":[],"_pagelayer_content":"","_joinchat":[],"footnotes":""},"class_list":["post-301","page","type-page","status-publish","hentry"],"_links":{"self":[{"href":"https:\/\/tuiluminacionve.com\/shop\/wp-json\/wp\/v2\/pages\/301","targetHints":{"allow":["GET"]}}],"collection":[{"href":"https:\/\/tuiluminacionve.com\/shop\/wp-json\/wp\/v2\/pages"}],"about":[{"href":"https:\/\/tuiluminacionve.com\/shop\/wp-json\/wp\/v2\/types\/page"}],"author":[{"embeddable":true,"href":"https:\/\/tuiluminacionve.com\/shop\/wp-json\/wp\/v2\/users\/1"}],"replies":[{"embeddable":true,"href":"https:\/\/tuiluminacionve.com\/shop\/wp-json\/wp\/v2\/comments?post=301"}],"version-history":[{"count":1,"href":"https:\/\/tuiluminacionve.com\/shop\/wp-json\/wp\/v2\/pages\/301\/revisions"}],"predecessor-version":[{"id":302,"href":"https:\/\/tuiluminacionve.com\/shop\/wp-json\/wp\/v2\/pages\/301\/revisions\/302"}],"wp:attachment":[{"href":"https:\/\/tuiluminacionve.com\/shop\/wp-json\/wp\/v2\/media?parent=301"}],"curies":[{"name":"wp","href":"https:\/\/api.w.org\/{rel}","templated":true}]}}