{"id":155,"date":"2026-03-23T09:12:01","date_gmt":"2026-03-23T09:12:01","guid":{"rendered":"https:\/\/tuiluminacionve.com\/shop\/?post_type=product&#038;p=155"},"modified":"2026-03-29T15:37:24","modified_gmt":"2026-03-29T15:37:24","slug":"rieles-2mts","status":"publish","type":"product","link":"https:\/\/tuiluminacionve.com\/shop\/producto\/rieles-2mts\/","title":{"rendered":"Rieles para lamparas de riel"},"content":{"rendered":"<p>Construye el sistema de iluminaci\u00f3n perfecto con nuestros rieles electrificados, disponibles en pr\u00e1cticas medidas de 1, 1.5 y 2 metros. Dise\u00f1ados para integrarse discretamente en tus techos, ofrecen el soporte ideal y la m\u00e1xima flexibilidad para instalar tus l\u00e1mparas dirigibles. Conecta varios tramos para cubrir grandes \u00e1reas f\u00e1cilmente. Fabricados con materiales de alta resistencia, garantizan una instalaci\u00f3n segura, est\u00e9tica y totalmente adaptable a tus necesidades.<\/p>\n","protected":false},"excerpt":{"rendered":"<p>Rieles de 1m, 1.5m y 2m. La base segura y flexible para tu iluminaci\u00f3n.<\/p>\n","protected":false},"featured_media":521,"comment_status":"open","ping_status":"closed","template":"","meta":{"pagelayer_contact_templates":[],"_pagelayer_content":"","_joinchat":[]},"product_brand":[],"product_cat":[34],"product_tag":[],"class_list":{"0":"post-155","1":"product","2":"type-product","3":"status-publish","4":"has-post-thumbnail","6":"product_cat-lamparas-led","7":"pa_color-blanco","8":"pa_color-negro","10":"first","11":"instock","12":"shipping-taxable","13":"purchasable","14":"product-type-variable"},"_links":{"self":[{"href":"https:\/\/tuiluminacionve.com\/shop\/wp-json\/wp\/v2\/product\/155","targetHints":{"allow":["GET"]}}],"collection":[{"href":"https:\/\/tuiluminacionve.com\/shop\/wp-json\/wp\/v2\/product"}],"about":[{"href":"https:\/\/tuiluminacionve.com\/shop\/wp-json\/wp\/v2\/types\/product"}],"replies":[{"embeddable":true,"href":"https:\/\/tuiluminacionve.com\/shop\/wp-json\/wp\/v2\/comments?post=155"}],"wp:featuredmedia":[{"embeddable":true,"href":"https:\/\/tuiluminacionve.com\/shop\/wp-json\/wp\/v2\/media\/521"}],"wp:attachment":[{"href":"https:\/\/tuiluminacionve.com\/shop\/wp-json\/wp\/v2\/media?parent=155"}],"wp:term":[{"taxonomy":"product_brand","embeddable":true,"href":"https:\/\/tuiluminacionve.com\/shop\/wp-json\/wp\/v2\/product_brand?post=155"},{"taxonomy":"product_cat","embeddable":true,"href":"https:\/\/tuiluminacionve.com\/shop\/wp-json\/wp\/v2\/product_cat?post=155"},{"taxonomy":"product_tag","embeddable":true,"href":"https:\/\/tuiluminacionve.com\/shop\/wp-json\/wp\/v2\/product_tag?post=155"}],"curies":[{"name":"wp","href":"https:\/\/api.w.org\/{rel}","templated":true}]}}