{"id":246,"date":"2026-03-26T10:36:55","date_gmt":"2026-03-26T10:36:55","guid":{"rendered":"https:\/\/tuiluminacionve.com\/shop\/?post_type=product&#038;p=246"},"modified":"2026-03-27T12:23:57","modified_gmt":"2026-03-27T12:23:57","slug":"lampara-astronauta","status":"publish","type":"product","link":"https:\/\/tuiluminacionve.com\/shop\/producto\/lampara-astronauta\/","title":{"rendered":"L\u00e1mpara Astronauta"},"content":{"rendered":"<p>Transforma cualquier habitaci\u00f3n en un universo fascinante con nuestra m\u00e1gica l\u00e1mpara proyector con dise\u00f1o de astronauta. Ideal para crear un ambiente relajante y estrellado, es el detalle perfecto para ni\u00f1os y adultos. Su cabeza magn\u00e9tica giratoria permite proyectar nebulosas coloridas en techos y paredes desde cualquier \u00e1ngulo. Convierte tus noches de descanso, fiestas o sesiones de juego en una experiencia visual verdaderamente intergal\u00e1ctica y \u00fanica.<\/p>\n","protected":false},"excerpt":{"rendered":"<p>L\u00e1mpara proyector de galaxias dise\u00f1o astronauta. Iluminaci\u00f3n nocturna m\u00e1gica y relajante para grandes y chicos.<\/p>\n","protected":false},"featured_media":249,"comment_status":"open","ping_status":"closed","template":"","meta":{"pagelayer_contact_templates":[],"_pagelayer_content":"","_joinchat":[]},"product_brand":[],"product_cat":[51],"product_tag":[],"class_list":{"0":"post-246","1":"product","2":"type-product","3":"status-publish","4":"has-post-thumbnail","6":"product_cat-lamparas-led-mesa","8":"first","9":"instock","10":"shipping-taxable","11":"purchasable","12":"product-type-simple"},"_links":{"self":[{"href":"https:\/\/tuiluminacionve.com\/shop\/wp-json\/wp\/v2\/product\/246","targetHints":{"allow":["GET"]}}],"collection":[{"href":"https:\/\/tuiluminacionve.com\/shop\/wp-json\/wp\/v2\/product"}],"about":[{"href":"https:\/\/tuiluminacionve.com\/shop\/wp-json\/wp\/v2\/types\/product"}],"replies":[{"embeddable":true,"href":"https:\/\/tuiluminacionve.com\/shop\/wp-json\/wp\/v2\/comments?post=246"}],"wp:featuredmedia":[{"embeddable":true,"href":"https:\/\/tuiluminacionve.com\/shop\/wp-json\/wp\/v2\/media\/249"}],"wp:attachment":[{"href":"https:\/\/tuiluminacionve.com\/shop\/wp-json\/wp\/v2\/media?parent=246"}],"wp:term":[{"taxonomy":"product_brand","embeddable":true,"href":"https:\/\/tuiluminacionve.com\/shop\/wp-json\/wp\/v2\/product_brand?post=246"},{"taxonomy":"product_cat","embeddable":true,"href":"https:\/\/tuiluminacionve.com\/shop\/wp-json\/wp\/v2\/product_cat?post=246"},{"taxonomy":"product_tag","embeddable":true,"href":"https:\/\/tuiluminacionve.com\/shop\/wp-json\/wp\/v2\/product_tag?post=246"}],"curies":[{"name":"wp","href":"https:\/\/api.w.org\/{rel}","templated":true}]}}