{"id":417,"date":"2026-03-28T00:19:37","date_gmt":"2026-03-28T00:19:37","guid":{"rendered":"https:\/\/tuiluminacionve.com\/shop\/?post_type=product&#038;p=417"},"modified":"2026-03-28T00:49:49","modified_gmt":"2026-03-28T00:49:49","slug":"cables","status":"publish","type":"product","link":"https:\/\/tuiluminacionve.com\/shop\/producto\/cables\/","title":{"rendered":"Cables"},"content":{"rendered":"<p>Asegura el suministro de energ\u00eda en tus instalaciones con nuestros cables el\u00e9ctricos de cobre de alta pureza, disponibles en calibres #14, #12, #10 y #8. Dise\u00f1ados con un revestimiento termopl\u00e1stico resistente al calor, la humedad y la abrasi\u00f3n, garantizan una conducci\u00f3n el\u00e9ctrica \u00f3ptima y segura. Son indispensables para cualquier proyecto de iluminaci\u00f3n, cableado residencial, comercial o industrial, cumpliendo con los m\u00e1s altos est\u00e1ndares de calidad<\/p>\n","protected":false},"excerpt":{"rendered":"<p>Cables el\u00e9ctricos de cobre (calibres 14, 12, 10 y 8). Conducci\u00f3n segura y altamente resistente.<\/p>\n","protected":false},"featured_media":420,"comment_status":"open","ping_status":"closed","template":"","meta":{"pagelayer_contact_templates":[],"_pagelayer_content":"","_joinchat":[]},"product_brand":[],"product_cat":[50],"product_tag":[],"class_list":{"0":"post-417","1":"product","2":"type-product","3":"status-publish","4":"has-post-thumbnail","6":"product_cat-cables","8":"first","9":"instock","10":"shipping-taxable","11":"purchasable","12":"product-type-variable"},"_links":{"self":[{"href":"https:\/\/tuiluminacionve.com\/shop\/wp-json\/wp\/v2\/product\/417","targetHints":{"allow":["GET"]}}],"collection":[{"href":"https:\/\/tuiluminacionve.com\/shop\/wp-json\/wp\/v2\/product"}],"about":[{"href":"https:\/\/tuiluminacionve.com\/shop\/wp-json\/wp\/v2\/types\/product"}],"replies":[{"embeddable":true,"href":"https:\/\/tuiluminacionve.com\/shop\/wp-json\/wp\/v2\/comments?post=417"}],"wp:featuredmedia":[{"embeddable":true,"href":"https:\/\/tuiluminacionve.com\/shop\/wp-json\/wp\/v2\/media\/420"}],"wp:attachment":[{"href":"https:\/\/tuiluminacionve.com\/shop\/wp-json\/wp\/v2\/media?parent=417"}],"wp:term":[{"taxonomy":"product_brand","embeddable":true,"href":"https:\/\/tuiluminacionve.com\/shop\/wp-json\/wp\/v2\/product_brand?post=417"},{"taxonomy":"product_cat","embeddable":true,"href":"https:\/\/tuiluminacionve.com\/shop\/wp-json\/wp\/v2\/product_cat?post=417"},{"taxonomy":"product_tag","embeddable":true,"href":"https:\/\/tuiluminacionve.com\/shop\/wp-json\/wp\/v2\/product_tag?post=417"}],"curies":[{"name":"wp","href":"https:\/\/api.w.org\/{rel}","templated":true}]}}