{"id":425,"date":"2026-03-28T00:54:30","date_gmt":"2026-03-28T00:54:30","guid":{"rendered":"https:\/\/tuiluminacionve.com\/shop\/?post_type=product&#038;p=425"},"modified":"2026-03-28T00:54:30","modified_gmt":"2026-03-28T00:54:30","slug":"driver","status":"publish","type":"product","link":"https:\/\/tuiluminacionve.com\/shop\/producto\/driver\/","title":{"rendered":"Driver"},"content":{"rendered":"<p>Prolonga la vida \u00fatil de tu iluminaci\u00f3n con nuestros drivers para l\u00e1mparas LED, disponibles en pr\u00e1cticos rangos de 6W a 18W, 6W a 24W, y para paneles de 60x60cm de 48W. Estos repuestos esenciales garantizan un flujo de energ\u00eda constante y libre de parpadeos, protegiendo tus luminarias contra fluctuaciones el\u00e9ctricas. Mant\u00e9n tus espacios comerciales o residenciales perfectamente iluminados con la m\u00e1xima seguridad y eficiencia t\u00e9cnica.<\/p>\n","protected":false},"excerpt":{"rendered":"<p>Drivers para l\u00e1mparas y paneles LED (6W a 48W). Repuestos ideales para iluminaci\u00f3n estable y duradera.<\/p>\n","protected":false},"featured_media":428,"comment_status":"open","ping_status":"closed","template":"","meta":{"pagelayer_contact_templates":[],"_pagelayer_content":"","_joinchat":[]},"product_brand":[],"product_cat":[48],"product_tag":[],"class_list":{"0":"post-425","1":"product","2":"type-product","3":"status-publish","4":"has-post-thumbnail","6":"product_cat-driver","8":"first","9":"instock","10":"shipping-taxable","11":"purchasable","12":"product-type-variable"},"_links":{"self":[{"href":"https:\/\/tuiluminacionve.com\/shop\/wp-json\/wp\/v2\/product\/425","targetHints":{"allow":["GET"]}}],"collection":[{"href":"https:\/\/tuiluminacionve.com\/shop\/wp-json\/wp\/v2\/product"}],"about":[{"href":"https:\/\/tuiluminacionve.com\/shop\/wp-json\/wp\/v2\/types\/product"}],"replies":[{"embeddable":true,"href":"https:\/\/tuiluminacionve.com\/shop\/wp-json\/wp\/v2\/comments?post=425"}],"wp:featuredmedia":[{"embeddable":true,"href":"https:\/\/tuiluminacionve.com\/shop\/wp-json\/wp\/v2\/media\/428"}],"wp:attachment":[{"href":"https:\/\/tuiluminacionve.com\/shop\/wp-json\/wp\/v2\/media?parent=425"}],"wp:term":[{"taxonomy":"product_brand","embeddable":true,"href":"https:\/\/tuiluminacionve.com\/shop\/wp-json\/wp\/v2\/product_brand?post=425"},{"taxonomy":"product_cat","embeddable":true,"href":"https:\/\/tuiluminacionve.com\/shop\/wp-json\/wp\/v2\/product_cat?post=425"},{"taxonomy":"product_tag","embeddable":true,"href":"https:\/\/tuiluminacionve.com\/shop\/wp-json\/wp\/v2\/product_tag?post=425"}],"curies":[{"name":"wp","href":"https:\/\/api.w.org\/{rel}","templated":true}]}}