{"id":501,"date":"2026-03-28T02:03:23","date_gmt":"2026-03-28T02:03:23","guid":{"rendered":"https:\/\/tuiluminacionve.com\/shop\/?post_type=product&#038;p=501"},"modified":"2026-03-28T16:01:33","modified_gmt":"2026-03-28T16:01:33","slug":"rodapie","status":"publish","type":"product","link":"https:\/\/tuiluminacionve.com\/shop\/producto\/rodapie\/","title":{"rendered":"Rodapi\u00e9"},"content":{"rendered":"<p>Dale el acabado final perfecto a tus pisos y paredes con nuestra l\u00ednea de rodapi\u00e9s decorativos. Disponibles en vers\u00e1tiles formatos: perfil cinta, grueso y finito, se adaptan a cualquier estilo arquitect\u00f3nico, desde el m\u00e1s minimalista hasta el tradicional. Adem\u00e1s de proteger tus paredes de golpes y humedad, ocultan imperfecciones logrando una transici\u00f3n limpia, elegante y altamente duradera para todos tus proyectos de interiorismo.<\/p>\n","protected":false},"excerpt":{"rendered":"<p>Vinil autoadhesivo vers\u00e1til y resistente. Ideal para decoraci\u00f3n de interiores, rotulaci\u00f3n y proyectos creativos.<\/p>\n","protected":false},"featured_media":502,"comment_status":"open","ping_status":"closed","template":"","meta":{"pagelayer_contact_templates":[],"_pagelayer_content":"","_joinchat":[]},"product_brand":[],"product_cat":[45],"product_tag":[],"class_list":{"0":"post-501","1":"product","2":"type-product","3":"status-publish","4":"has-post-thumbnail","6":"product_cat-decoracion","8":"first","9":"instock","10":"shipping-taxable","11":"purchasable","12":"product-type-variable"},"_links":{"self":[{"href":"https:\/\/tuiluminacionve.com\/shop\/wp-json\/wp\/v2\/product\/501","targetHints":{"allow":["GET"]}}],"collection":[{"href":"https:\/\/tuiluminacionve.com\/shop\/wp-json\/wp\/v2\/product"}],"about":[{"href":"https:\/\/tuiluminacionve.com\/shop\/wp-json\/wp\/v2\/types\/product"}],"replies":[{"embeddable":true,"href":"https:\/\/tuiluminacionve.com\/shop\/wp-json\/wp\/v2\/comments?post=501"}],"wp:featuredmedia":[{"embeddable":true,"href":"https:\/\/tuiluminacionve.com\/shop\/wp-json\/wp\/v2\/media\/502"}],"wp:attachment":[{"href":"https:\/\/tuiluminacionve.com\/shop\/wp-json\/wp\/v2\/media?parent=501"}],"wp:term":[{"taxonomy":"product_brand","embeddable":true,"href":"https:\/\/tuiluminacionve.com\/shop\/wp-json\/wp\/v2\/product_brand?post=501"},{"taxonomy":"product_cat","embeddable":true,"href":"https:\/\/tuiluminacionve.com\/shop\/wp-json\/wp\/v2\/product_cat?post=501"},{"taxonomy":"product_tag","embeddable":true,"href":"https:\/\/tuiluminacionve.com\/shop\/wp-json\/wp\/v2\/product_tag?post=501"}],"curies":[{"name":"wp","href":"https:\/\/api.w.org\/{rel}","templated":true}]}}