{"id":569,"date":"2026-03-29T16:31:16","date_gmt":"2026-03-29T16:31:16","guid":{"rendered":"https:\/\/tuiluminacionve.com\/shop\/?post_type=product&#038;p=569"},"modified":"2026-03-29T16:31:17","modified_gmt":"2026-03-29T16:31:17","slug":"base-de-tubo-led","status":"publish","type":"product","link":"https:\/\/tuiluminacionve.com\/shop\/producto\/base-de-tubo-led\/","title":{"rendered":"Base de Tubo LED"},"content":{"rendered":"<p><span style=\"font-size: 11.0pt; line-height: 107%; font-family: 'Calibri',sans-serif; mso-ascii-theme-font: minor-latin; mso-fareast-font-family: Calibri; mso-fareast-theme-font: minor-latin; mso-hansi-theme-font: minor-latin; mso-bidi-theme-font: minor-latin; mso-ansi-language: ES-VE; mso-fareast-language: EN-US; mso-bidi-language: AR-SA;\">Completa tu sistema de iluminaci\u00f3n con nuestras resistentes bases para tubos LED, disponibles en pr\u00e1cticos modelos sencillos y dobles. Dise\u00f1adas para facilitar una instalaci\u00f3n r\u00e1pida y segura, son el soporte ideal para oficinas, comercios, estacionamientos y \u00e1reas industriales. Fabricadas con materiales de alta calidad que garantizan una larga durabilidad. Optimiza tus espacios con una estructura firme que protege y resalta tu iluminaci\u00f3n lineal sin complicaciones.<\/span><\/p>\n","protected":false},"excerpt":{"rendered":"<p>Bases para uno o dos tubos LED. Soporte seguro, pr\u00e1ctico y duradero para tu iluminaci\u00f3n.<\/p>\n","protected":false},"featured_media":574,"comment_status":"open","ping_status":"closed","template":"","meta":{"pagelayer_contact_templates":[],"_pagelayer_content":"","_joinchat":[]},"product_brand":[],"product_cat":[36],"product_tag":[],"class_list":{"0":"post-569","1":"product","2":"type-product","3":"status-publish","4":"has-post-thumbnail","6":"product_cat-base-tubo-led","8":"first","9":"instock","10":"shipping-taxable","11":"purchasable","12":"product-type-variable"},"_links":{"self":[{"href":"https:\/\/tuiluminacionve.com\/shop\/wp-json\/wp\/v2\/product\/569","targetHints":{"allow":["GET"]}}],"collection":[{"href":"https:\/\/tuiluminacionve.com\/shop\/wp-json\/wp\/v2\/product"}],"about":[{"href":"https:\/\/tuiluminacionve.com\/shop\/wp-json\/wp\/v2\/types\/product"}],"replies":[{"embeddable":true,"href":"https:\/\/tuiluminacionve.com\/shop\/wp-json\/wp\/v2\/comments?post=569"}],"wp:featuredmedia":[{"embeddable":true,"href":"https:\/\/tuiluminacionve.com\/shop\/wp-json\/wp\/v2\/media\/574"}],"wp:attachment":[{"href":"https:\/\/tuiluminacionve.com\/shop\/wp-json\/wp\/v2\/media?parent=569"}],"wp:term":[{"taxonomy":"product_brand","embeddable":true,"href":"https:\/\/tuiluminacionve.com\/shop\/wp-json\/wp\/v2\/product_brand?post=569"},{"taxonomy":"product_cat","embeddable":true,"href":"https:\/\/tuiluminacionve.com\/shop\/wp-json\/wp\/v2\/product_cat?post=569"},{"taxonomy":"product_tag","embeddable":true,"href":"https:\/\/tuiluminacionve.com\/shop\/wp-json\/wp\/v2\/product_tag?post=569"}],"curies":[{"name":"wp","href":"https:\/\/api.w.org\/{rel}","templated":true}]}}