{"id":592,"date":"2026-03-29T20:07:29","date_gmt":"2026-03-29T20:07:29","guid":{"rendered":"https:\/\/tuiluminacionve.com\/shop\/?post_type=product&#038;p=592"},"modified":"2026-03-29T20:11:13","modified_gmt":"2026-03-29T20:11:13","slug":"reflectores-led","status":"publish","type":"product","link":"https:\/\/tuiluminacionve.com\/shop\/producto\/reflectores-led\/","title":{"rendered":"Reflectores LED"},"content":{"rendered":"<p>Ilumina y protege tus exteriores con los potentes reflectores LED \u00e9beli. Disponibles en una amplia gama desde 10W hasta 400W, son la soluci\u00f3n definitiva para fachadas, jardines, canchas o galpones industriales. Su dise\u00f1o robusto garantiza m\u00e1xima resistencia a la intemperie y una larga vida \u00fatil. Disfruta de una proyecci\u00f3n de luz intensa, mayor seguridad y un ahorro energ\u00e9tico excepcional en cualquier tipo de proyecto.<\/p>\n","protected":false},"excerpt":{"rendered":"<p>Reflectores LED \u00e9beli desde 10W hasta 400W. Iluminaci\u00f3n exterior potente, resistente y de m\u00e1ximo alcance.<\/p>\n","protected":false},"featured_media":595,"comment_status":"open","ping_status":"closed","template":"","meta":{"pagelayer_contact_templates":[],"_pagelayer_content":"","_joinchat":[]},"product_brand":[],"product_cat":[39],"product_tag":[],"class_list":{"0":"post-592","1":"product","2":"type-product","3":"status-publish","4":"has-post-thumbnail","6":"product_cat-reflectores-led","8":"first","9":"instock","10":"shipping-taxable","11":"purchasable","12":"product-type-variable"},"_links":{"self":[{"href":"https:\/\/tuiluminacionve.com\/shop\/wp-json\/wp\/v2\/product\/592","targetHints":{"allow":["GET"]}}],"collection":[{"href":"https:\/\/tuiluminacionve.com\/shop\/wp-json\/wp\/v2\/product"}],"about":[{"href":"https:\/\/tuiluminacionve.com\/shop\/wp-json\/wp\/v2\/types\/product"}],"replies":[{"embeddable":true,"href":"https:\/\/tuiluminacionve.com\/shop\/wp-json\/wp\/v2\/comments?post=592"}],"wp:featuredmedia":[{"embeddable":true,"href":"https:\/\/tuiluminacionve.com\/shop\/wp-json\/wp\/v2\/media\/595"}],"wp:attachment":[{"href":"https:\/\/tuiluminacionve.com\/shop\/wp-json\/wp\/v2\/media?parent=592"}],"wp:term":[{"taxonomy":"product_brand","embeddable":true,"href":"https:\/\/tuiluminacionve.com\/shop\/wp-json\/wp\/v2\/product_brand?post=592"},{"taxonomy":"product_cat","embeddable":true,"href":"https:\/\/tuiluminacionve.com\/shop\/wp-json\/wp\/v2\/product_cat?post=592"},{"taxonomy":"product_tag","embeddable":true,"href":"https:\/\/tuiluminacionve.com\/shop\/wp-json\/wp\/v2\/product_tag?post=592"}],"curies":[{"name":"wp","href":"https:\/\/api.w.org\/{rel}","templated":true}]}}