{"id":620,"date":"2026-03-29T20:49:15","date_gmt":"2026-03-29T20:49:15","guid":{"rendered":"https:\/\/tuiluminacionve.com\/shop\/?post_type=product&#038;p=620"},"modified":"2026-04-04T11:08:44","modified_gmt":"2026-04-04T11:08:44","slug":"kit-de-guaya-para-reflectores","status":"publish","type":"product","link":"https:\/\/tuiluminacionve.com\/shop\/producto\/kit-de-guaya-para-reflectores\/","title":{"rendered":"Kit de Guaya para reflectores"},"content":{"rendered":"<p>Asegura la correcta instalaci\u00f3n de tus luminarias industriales o comerciales con nuestro resistente kit de guaya para reflectores. Fabricado con acero de alta calidad, este sistema de suspensi\u00f3n soporta el peso de los equipos de manera segura y confiable. Su mecanismo ajustable te permite modificar f\u00e1cilmente la altura de los reflectores seg\u00fan las necesidades del espacio, garantizando una iluminaci\u00f3n \u00f3ptima en galpones, canchas o techos altos.<\/p>\n","protected":false},"excerpt":{"rendered":"<p>Kit de guaya de acero para suspender reflectores. Instalaci\u00f3n segura, resistente y de altura ajustable.<\/p>\n","protected":false},"featured_media":867,"comment_status":"open","ping_status":"closed","template":"","meta":{"pagelayer_contact_templates":[],"_pagelayer_content":"","_joinchat":[]},"product_brand":[],"product_cat":[39],"product_tag":[],"class_list":{"0":"post-620","1":"product","2":"type-product","3":"status-publish","4":"has-post-thumbnail","6":"product_cat-reflectores-led","8":"first","9":"instock","10":"shipping-taxable","11":"purchasable","12":"product-type-simple"},"_links":{"self":[{"href":"https:\/\/tuiluminacionve.com\/shop\/wp-json\/wp\/v2\/product\/620","targetHints":{"allow":["GET"]}}],"collection":[{"href":"https:\/\/tuiluminacionve.com\/shop\/wp-json\/wp\/v2\/product"}],"about":[{"href":"https:\/\/tuiluminacionve.com\/shop\/wp-json\/wp\/v2\/types\/product"}],"replies":[{"embeddable":true,"href":"https:\/\/tuiluminacionve.com\/shop\/wp-json\/wp\/v2\/comments?post=620"}],"wp:featuredmedia":[{"embeddable":true,"href":"https:\/\/tuiluminacionve.com\/shop\/wp-json\/wp\/v2\/media\/867"}],"wp:attachment":[{"href":"https:\/\/tuiluminacionve.com\/shop\/wp-json\/wp\/v2\/media?parent=620"}],"wp:term":[{"taxonomy":"product_brand","embeddable":true,"href":"https:\/\/tuiluminacionve.com\/shop\/wp-json\/wp\/v2\/product_brand?post=620"},{"taxonomy":"product_cat","embeddable":true,"href":"https:\/\/tuiluminacionve.com\/shop\/wp-json\/wp\/v2\/product_cat?post=620"},{"taxonomy":"product_tag","embeddable":true,"href":"https:\/\/tuiluminacionve.com\/shop\/wp-json\/wp\/v2\/product_tag?post=620"}],"curies":[{"name":"wp","href":"https:\/\/api.w.org\/{rel}","templated":true}]}}