{"id":632,"date":"2026-03-29T21:11:19","date_gmt":"2026-03-29T21:11:19","guid":{"rendered":"https:\/\/tuiluminacionve.com\/shop\/?post_type=product&#038;p=632"},"modified":"2026-04-01T14:28:48","modified_gmt":"2026-04-01T14:28:48","slug":"perfiles-para-cintas-led","status":"publish","type":"product","link":"https:\/\/tuiluminacionve.com\/shop\/producto\/perfiles-para-cintas-led\/","title":{"rendered":"Perfiles para cintas LED"},"content":{"rendered":"<p>Logra un acabado profesional e impecable en tus proyectos con nuestros perfiles de aluminio para cintas LED. Disponibles en pr\u00e1cticas longitudes de 1, 2 y 3 metros, ofrecemos vers\u00e1tiles dise\u00f1os superficiales, esquineros y empotrables que se adaptan a cualquier espacio. Adem\u00e1s de brindar una est\u00e9tica elegante y difuminar la luz perfectamente, protegen tus cintas y mejoran la disipaci\u00f3n del calor, prolongando su vida \u00fatil.<\/p>\n","protected":false},"excerpt":{"rendered":"<p>Perfiles de aluminio para cintas LED (1, 2 y 3m). Acabados impecables: superficiales, esquineros y empotrables.<\/p>\n","protected":false},"featured_media":635,"comment_status":"open","ping_status":"closed","template":"","meta":{"pagelayer_contact_templates":[],"_pagelayer_content":"","_joinchat":[]},"product_brand":[],"product_cat":[42],"product_tag":[],"class_list":{"0":"post-632","1":"product","2":"type-product","3":"status-publish","4":"has-post-thumbnail","6":"product_cat-perfiles-cinta-led","8":"first","9":"instock","10":"shipping-taxable","11":"purchasable","12":"product-type-variable"},"_links":{"self":[{"href":"https:\/\/tuiluminacionve.com\/shop\/wp-json\/wp\/v2\/product\/632","targetHints":{"allow":["GET"]}}],"collection":[{"href":"https:\/\/tuiluminacionve.com\/shop\/wp-json\/wp\/v2\/product"}],"about":[{"href":"https:\/\/tuiluminacionve.com\/shop\/wp-json\/wp\/v2\/types\/product"}],"replies":[{"embeddable":true,"href":"https:\/\/tuiluminacionve.com\/shop\/wp-json\/wp\/v2\/comments?post=632"}],"wp:featuredmedia":[{"embeddable":true,"href":"https:\/\/tuiluminacionve.com\/shop\/wp-json\/wp\/v2\/media\/635"}],"wp:attachment":[{"href":"https:\/\/tuiluminacionve.com\/shop\/wp-json\/wp\/v2\/media?parent=632"}],"wp:term":[{"taxonomy":"product_brand","embeddable":true,"href":"https:\/\/tuiluminacionve.com\/shop\/wp-json\/wp\/v2\/product_brand?post=632"},{"taxonomy":"product_cat","embeddable":true,"href":"https:\/\/tuiluminacionve.com\/shop\/wp-json\/wp\/v2\/product_cat?post=632"},{"taxonomy":"product_tag","embeddable":true,"href":"https:\/\/tuiluminacionve.com\/shop\/wp-json\/wp\/v2\/product_tag?post=632"}],"curies":[{"name":"wp","href":"https:\/\/api.w.org\/{rel}","templated":true}]}}