{"id":644,"date":"2026-03-29T21:14:18","date_gmt":"2026-03-29T21:14:18","guid":{"rendered":"https:\/\/tuiluminacionve.com\/shop\/?post_type=product&#038;p=644"},"modified":"2026-04-04T11:00:11","modified_gmt":"2026-04-04T11:00:11","slug":"perfiles-con-alas","status":"publish","type":"product","link":"https:\/\/tuiluminacionve.com\/shop\/producto\/perfiles-con-alas\/","title":{"rendered":"Perfiles con Alas"},"content":{"rendered":"<p>Consigue un acabado completamente rasante y profesional con nuestros perfiles de aluminio empotrables con alas de 1 metro. Su dise\u00f1o con pesta\u00f1as laterales oculta las imperfecciones en el corte del yeso o la madera, garantizando una integraci\u00f3n limpia en techos y muebles. Adem\u00e1s de brindar una est\u00e9tica minimalista inmejorable, protegen tus cintas LED y optimizan la disipaci\u00f3n del calor para prolongar su vida \u00fatil al m\u00e1ximo.<\/p>\n","protected":false},"excerpt":{"rendered":"<p>Perfiles de aluminio empotrables con alas de 1 metro. Acabado est\u00e9tico y protecci\u00f3n para cintas LED.<\/p>\n","protected":false},"featured_media":866,"comment_status":"open","ping_status":"closed","template":"","meta":{"pagelayer_contact_templates":[],"_pagelayer_content":"","_joinchat":[]},"product_brand":[],"product_cat":[42],"product_tag":[],"class_list":{"0":"post-644","1":"product","2":"type-product","3":"status-publish","4":"has-post-thumbnail","6":"product_cat-perfiles-cinta-led","8":"first","9":"instock","10":"shipping-taxable","11":"purchasable","12":"product-type-variable"},"_links":{"self":[{"href":"https:\/\/tuiluminacionve.com\/shop\/wp-json\/wp\/v2\/product\/644","targetHints":{"allow":["GET"]}}],"collection":[{"href":"https:\/\/tuiluminacionve.com\/shop\/wp-json\/wp\/v2\/product"}],"about":[{"href":"https:\/\/tuiluminacionve.com\/shop\/wp-json\/wp\/v2\/types\/product"}],"replies":[{"embeddable":true,"href":"https:\/\/tuiluminacionve.com\/shop\/wp-json\/wp\/v2\/comments?post=644"}],"wp:featuredmedia":[{"embeddable":true,"href":"https:\/\/tuiluminacionve.com\/shop\/wp-json\/wp\/v2\/media\/866"}],"wp:attachment":[{"href":"https:\/\/tuiluminacionve.com\/shop\/wp-json\/wp\/v2\/media?parent=644"}],"wp:term":[{"taxonomy":"product_brand","embeddable":true,"href":"https:\/\/tuiluminacionve.com\/shop\/wp-json\/wp\/v2\/product_brand?post=644"},{"taxonomy":"product_cat","embeddable":true,"href":"https:\/\/tuiluminacionve.com\/shop\/wp-json\/wp\/v2\/product_cat?post=644"},{"taxonomy":"product_tag","embeddable":true,"href":"https:\/\/tuiluminacionve.com\/shop\/wp-json\/wp\/v2\/product_tag?post=644"}],"curies":[{"name":"wp","href":"https:\/\/api.w.org\/{rel}","templated":true}]}}