{"id":690,"date":"2026-03-30T11:35:10","date_gmt":"2026-03-30T11:35:10","guid":{"rendered":"https:\/\/tuiluminacionve.com\/shop\/?post_type=product&#038;p=690"},"modified":"2026-03-31T16:59:18","modified_gmt":"2026-03-31T16:59:18","slug":"kit-influencer","status":"publish","type":"product","link":"https:\/\/tuiluminacionve.com\/shop\/producto\/kit-influencer\/","title":{"rendered":"Kit Influencer"},"content":{"rendered":"<p>Eleva tu creaci\u00f3n de contenido m\u00f3vil con este completo kit de vlogging profesional todo en uno. Incluye un vers\u00e1til tr\u00edpode con agarre ergon\u00f3mico y abrazadera segura para tel\u00e9fono. La configuraci\u00f3n integrada cuenta con una brillante luz LED y un micr\u00f3fono de ca\u00f1\u00f3n con paravientos de espuma y peludo para un audio claro. Se incluye un cable de audio 3.5mm en espiral para una conexi\u00f3n f\u00e1cil. Perfecto para vlogs, transmisiones en vivo y reuniones en l\u00ednea de alta calidad.<\/p>\n","protected":false},"excerpt":{"rendered":"<p>Kit completo de vlogging y creaci\u00f3n de contenido para smartphone con tr\u00edpode, luz LED y micr\u00f3fono.<\/p>\n","protected":false},"featured_media":693,"comment_status":"open","ping_status":"closed","template":"","meta":{"pagelayer_contact_templates":[],"_pagelayer_content":"","_joinchat":[]},"product_brand":[],"product_cat":[143],"product_tag":[],"class_list":{"0":"post-690","1":"product","2":"type-product","3":"status-publish","4":"has-post-thumbnail","6":"product_cat-creacion-de-contenido","8":"first","9":"instock","10":"shipping-taxable","11":"purchasable","12":"product-type-simple"},"_links":{"self":[{"href":"https:\/\/tuiluminacionve.com\/shop\/wp-json\/wp\/v2\/product\/690","targetHints":{"allow":["GET"]}}],"collection":[{"href":"https:\/\/tuiluminacionve.com\/shop\/wp-json\/wp\/v2\/product"}],"about":[{"href":"https:\/\/tuiluminacionve.com\/shop\/wp-json\/wp\/v2\/types\/product"}],"replies":[{"embeddable":true,"href":"https:\/\/tuiluminacionve.com\/shop\/wp-json\/wp\/v2\/comments?post=690"}],"wp:featuredmedia":[{"embeddable":true,"href":"https:\/\/tuiluminacionve.com\/shop\/wp-json\/wp\/v2\/media\/693"}],"wp:attachment":[{"href":"https:\/\/tuiluminacionve.com\/shop\/wp-json\/wp\/v2\/media?parent=690"}],"wp:term":[{"taxonomy":"product_brand","embeddable":true,"href":"https:\/\/tuiluminacionve.com\/shop\/wp-json\/wp\/v2\/product_brand?post=690"},{"taxonomy":"product_cat","embeddable":true,"href":"https:\/\/tuiluminacionve.com\/shop\/wp-json\/wp\/v2\/product_cat?post=690"},{"taxonomy":"product_tag","embeddable":true,"href":"https:\/\/tuiluminacionve.com\/shop\/wp-json\/wp\/v2\/product_tag?post=690"}],"curies":[{"name":"wp","href":"https:\/\/api.w.org\/{rel}","templated":true}]}}