{"id":702,"date":"2026-03-30T11:40:47","date_gmt":"2026-03-30T11:40:47","guid":{"rendered":"https:\/\/tuiluminacionve.com\/shop\/?post_type=product&#038;p=702"},"modified":"2026-04-14T16:16:10","modified_gmt":"2026-04-14T16:16:10","slug":"tripode-360","status":"publish","type":"product","link":"https:\/\/tuiluminacionve.com\/shop\/producto\/tripode-360\/","title":{"rendered":"Tr\u00edpode 360"},"content":{"rendered":"<p>Mejora tus fotos y videos con este vers\u00e1til tr\u00edpode y palo selfie 2 en 1 para smartphone. Su dise\u00f1o port\u00e1til y ligero cuenta con una varilla central extensible de metal para mayor alcance y un soporte universal seguro para el tel\u00e9fono. Las patas del tr\u00edpode se despliegan para una estabilidad s\u00f3lida. Adem\u00e1s, incluye un mando a distancia Bluetooth extra\u00edble para capturas a distancia. Ideal para vlogging, transmisiones en vivo y fotos de grupo.<\/p>\n<p>Rotaci\u00f3n 360, seguimiento autom\u00e1tico, ajustable, estable y graba como un PRO sin ayuda<\/p>\n","protected":false},"excerpt":{"rendered":"<p>Tr\u00edpode y palo selfie 2 en 1 para smartphone con control remoto Bluetooth inal\u00e1mbrico port\u00e1til.<\/p>\n","protected":false},"featured_media":709,"comment_status":"open","ping_status":"closed","template":"","meta":{"pagelayer_contact_templates":[],"_pagelayer_content":"","_joinchat":[]},"product_brand":[],"product_cat":[143],"product_tag":[],"class_list":{"0":"post-702","1":"product","2":"type-product","3":"status-publish","4":"has-post-thumbnail","6":"product_cat-creacion-de-contenido","8":"first","9":"instock","10":"shipping-taxable","11":"purchasable","12":"product-type-simple"},"_links":{"self":[{"href":"https:\/\/tuiluminacionve.com\/shop\/wp-json\/wp\/v2\/product\/702","targetHints":{"allow":["GET"]}}],"collection":[{"href":"https:\/\/tuiluminacionve.com\/shop\/wp-json\/wp\/v2\/product"}],"about":[{"href":"https:\/\/tuiluminacionve.com\/shop\/wp-json\/wp\/v2\/types\/product"}],"replies":[{"embeddable":true,"href":"https:\/\/tuiluminacionve.com\/shop\/wp-json\/wp\/v2\/comments?post=702"}],"wp:featuredmedia":[{"embeddable":true,"href":"https:\/\/tuiluminacionve.com\/shop\/wp-json\/wp\/v2\/media\/709"}],"wp:attachment":[{"href":"https:\/\/tuiluminacionve.com\/shop\/wp-json\/wp\/v2\/media?parent=702"}],"wp:term":[{"taxonomy":"product_brand","embeddable":true,"href":"https:\/\/tuiluminacionve.com\/shop\/wp-json\/wp\/v2\/product_brand?post=702"},{"taxonomy":"product_cat","embeddable":true,"href":"https:\/\/tuiluminacionve.com\/shop\/wp-json\/wp\/v2\/product_cat?post=702"},{"taxonomy":"product_tag","embeddable":true,"href":"https:\/\/tuiluminacionve.com\/shop\/wp-json\/wp\/v2\/product_tag?post=702"}],"curies":[{"name":"wp","href":"https:\/\/api.w.org\/{rel}","templated":true}]}}