{"id":761,"date":"2026-03-31T11:32:32","date_gmt":"2026-03-31T11:32:32","guid":{"rendered":"https:\/\/tuiluminacionve.com\/shop\/?post_type=product&#038;p=761"},"modified":"2026-03-31T11:32:32","modified_gmt":"2026-03-31T11:32:32","slug":"fotocelda","status":"publish","type":"product","link":"https:\/\/tuiluminacionve.com\/shop\/producto\/fotocelda\/","title":{"rendered":"Fotocelda"},"content":{"rendered":"<p>Automatiza tu iluminaci\u00f3n con la mini fotocelda. Este compacto dispositivo multivoltaje (85-265V) y de 10 amperios permite el encendido autom\u00e1tico al anochecer y apagado al amanecer de bombillos, alumbrado p\u00fablico, reflectores y cintas LED. Su dise\u00f1o peque\u00f1o facilita la instalaci\u00f3n en cualquier espacio. Ahorra energ\u00eda y mejora la seguridad de forma eficiente. Incluye 1 a\u00f1o de garant\u00eda para mayor tranquilidad en tu proyecto.<\/p>\n","protected":false},"excerpt":{"rendered":"<p>Fotocelda para encendido autom\u00e1tico de luces, 85-265V, 10 amperios.<\/p>\n","protected":false},"featured_media":764,"comment_status":"open","ping_status":"closed","template":"","meta":{"pagelayer_contact_templates":[],"_pagelayer_content":"","_joinchat":[]},"product_brand":[],"product_cat":[53],"product_tag":[],"class_list":{"0":"post-761","1":"product","2":"type-product","3":"status-publish","4":"has-post-thumbnail","6":"product_cat-cintas-led","8":"first","9":"instock","10":"shipping-taxable","11":"purchasable","12":"product-type-simple"},"_links":{"self":[{"href":"https:\/\/tuiluminacionve.com\/shop\/wp-json\/wp\/v2\/product\/761","targetHints":{"allow":["GET"]}}],"collection":[{"href":"https:\/\/tuiluminacionve.com\/shop\/wp-json\/wp\/v2\/product"}],"about":[{"href":"https:\/\/tuiluminacionve.com\/shop\/wp-json\/wp\/v2\/types\/product"}],"replies":[{"embeddable":true,"href":"https:\/\/tuiluminacionve.com\/shop\/wp-json\/wp\/v2\/comments?post=761"}],"wp:featuredmedia":[{"embeddable":true,"href":"https:\/\/tuiluminacionve.com\/shop\/wp-json\/wp\/v2\/media\/764"}],"wp:attachment":[{"href":"https:\/\/tuiluminacionve.com\/shop\/wp-json\/wp\/v2\/media?parent=761"}],"wp:term":[{"taxonomy":"product_brand","embeddable":true,"href":"https:\/\/tuiluminacionve.com\/shop\/wp-json\/wp\/v2\/product_brand?post=761"},{"taxonomy":"product_cat","embeddable":true,"href":"https:\/\/tuiluminacionve.com\/shop\/wp-json\/wp\/v2\/product_cat?post=761"},{"taxonomy":"product_tag","embeddable":true,"href":"https:\/\/tuiluminacionve.com\/shop\/wp-json\/wp\/v2\/product_tag?post=761"}],"curies":[{"name":"wp","href":"https:\/\/api.w.org\/{rel}","templated":true}]}}