{"id":910,"date":"2026-04-10T04:32:07","date_gmt":"2026-04-10T04:32:07","guid":{"rendered":"https:\/\/tuiluminacionve.com\/shop\/?post_type=product&#038;p=910"},"modified":"2026-04-10T04:34:52","modified_gmt":"2026-04-10T04:34:52","slug":"lamparas-decorativas","status":"publish","type":"product","link":"https:\/\/tuiluminacionve.com\/shop\/producto\/lamparas-decorativas\/","title":{"rendered":"L\u00e1mparas Decorativas"},"content":{"rendered":"<p>Realza la est\u00e9tica de tu hogar con estas L\u00e1mparas Decorativas. Presentan unos dise\u00f1os modernos y minimalistas compuestas por un elegante acabado de alta calidad. Las L\u00e1mparas Decorativas emiten una luz suave y uniformes. Ideal para crear ambientes acogedores en salones, dormitorios y pasillos.<\/p>\n","protected":false},"excerpt":{"rendered":"<p>L\u00e1mparas Decorativas de dise\u00f1os modernos y minimalistas con acabados elegantes de alta caidad.<\/p>\n","protected":false},"featured_media":918,"comment_status":"open","ping_status":"closed","template":"","meta":{"pagelayer_contact_templates":[],"_pagelayer_content":"","_joinchat":[]},"product_brand":[],"product_cat":[34],"product_tag":[],"class_list":{"0":"post-910","1":"product","2":"type-product","3":"status-publish","4":"has-post-thumbnail","6":"product_cat-lamparas-led","8":"first","9":"instock","10":"shipping-taxable","11":"purchasable","12":"product-type-variable"},"_links":{"self":[{"href":"https:\/\/tuiluminacionve.com\/shop\/wp-json\/wp\/v2\/product\/910","targetHints":{"allow":["GET"]}}],"collection":[{"href":"https:\/\/tuiluminacionve.com\/shop\/wp-json\/wp\/v2\/product"}],"about":[{"href":"https:\/\/tuiluminacionve.com\/shop\/wp-json\/wp\/v2\/types\/product"}],"replies":[{"embeddable":true,"href":"https:\/\/tuiluminacionve.com\/shop\/wp-json\/wp\/v2\/comments?post=910"}],"wp:featuredmedia":[{"embeddable":true,"href":"https:\/\/tuiluminacionve.com\/shop\/wp-json\/wp\/v2\/media\/918"}],"wp:attachment":[{"href":"https:\/\/tuiluminacionve.com\/shop\/wp-json\/wp\/v2\/media?parent=910"}],"wp:term":[{"taxonomy":"product_brand","embeddable":true,"href":"https:\/\/tuiluminacionve.com\/shop\/wp-json\/wp\/v2\/product_brand?post=910"},{"taxonomy":"product_cat","embeddable":true,"href":"https:\/\/tuiluminacionve.com\/shop\/wp-json\/wp\/v2\/product_cat?post=910"},{"taxonomy":"product_tag","embeddable":true,"href":"https:\/\/tuiluminacionve.com\/shop\/wp-json\/wp\/v2\/product_tag?post=910"}],"curies":[{"name":"wp","href":"https:\/\/api.w.org\/{rel}","templated":true}]}}